{"id":1176,"date":"2012-03-20T18:43:05","date_gmt":"2012-03-20T17:43:05","guid":{"rendered":"http:\/\/www.sindacatodellefamiglie.org\/?page_id=1176"},"modified":"2013-03-14T14:53:37","modified_gmt":"2013-03-14T13:53:37","slug":"pil-vs-benessere-equo-sostenibile","status":"publish","type":"page","link":"http:\/\/www.sindacatodellefamiglie.org\/index.php\/pil-vs-benessere-equo-sostenibile\/","title":{"rendered":"PIL VS BES (Benessere Equo Sostenibile)"},"content":{"rendered":"<div>\n<div>\n<div>\n<div>E&#8217; sempre pi\u00f9 attuale il dibattito per trovare un sostituto del PIL (Prodotto Interno Lordo) come indice per determinare il livello di sviluppo e benessere di un paese.<\/div>\n<div>Il solo fattore economico non \u00e8 un indicatore sufficiente, la qualit\u00e0 della vita \u00e8 data da molti altri aspetti, non ultimo la ricchezza che nasce dalle reti di relazione.<\/div>\n<div>Il BES (Benessere Equo Sostenibile) \u00e8 l&#8217;indice che &#8211; a partire da un&#8217;idea di ISTAT e CNEL (Consiglio Nazionale Economia e Lavoro) &#8211; in tutta Europa si sta cercando di determinare per tener conto dei reali indicatori di benessere della persona e della societ\u00e0. Nella nostra <a href=\"http:\/\/www.sindacatodellefamiglie.org\/index.php\/area-stampa\/\">area stampa<\/a> potete trovare l&#8217;articolo di Davide Rosati, pubblicato su Tempi.it che illustra brevemente le dinamiche del BES, proponendo delle integrazioni che tengano conto di equit\u00e0 fiscale e di natalit\u00e0.<\/div>\n<\/div>\n<\/div>\n<\/div>\n","protected":false},"excerpt":{"rendered":"<p>E&#8217; sempre pi\u00f9 attuale il dibattito per trovare un sostituto del PIL (Prodotto Interno Lordo) come indice per determinare il livello di sviluppo e benessere di un paese. Il solo fattore economico non \u00e8 un indicatore sufficiente, la qualit\u00e0 della vita \u00e8 data da molti altri aspetti, non ultimo la ricchezza che nasce dalle reti [&hellip;]<\/p>\n","protected":false},"author":3,"featured_media":0,"parent":0,"menu_order":0,"comment_status":"closed","ping_status":"open","template":"","meta":{"ngg_post_thumbnail":0},"aioseo_notices":[],"_links":{"self":[{"href":"http:\/\/www.sindacatodellefamiglie.org\/index.php\/wp-json\/wp\/v2\/pages\/1176"}],"collection":[{"href":"http:\/\/www.sindacatodellefamiglie.org\/index.php\/wp-json\/wp\/v2\/pages"}],"about":[{"href":"http:\/\/www.sindacatodellefamiglie.org\/index.php\/wp-json\/wp\/v2\/types\/page"}],"author":[{"embeddable":true,"href":"http:\/\/www.sindacatodellefamiglie.org\/index.php\/wp-json\/wp\/v2\/users\/3"}],"replies":[{"embeddable":true,"href":"http:\/\/www.sindacatodellefamiglie.org\/index.php\/wp-json\/wp\/v2\/comments?post=1176"}],"version-history":[{"count":6,"href":"http:\/\/www.sindacatodellefamiglie.org\/index.php\/wp-json\/wp\/v2\/pages\/1176\/revisions"}],"predecessor-version":[{"id":1178,"href":"http:\/\/www.sindacatodellefamiglie.org\/index.php\/wp-json\/wp\/v2\/pages\/1176\/revisions\/1178"}],"wp:attachment":[{"href":"http:\/\/www.sindacatodellefamiglie.org\/index.php\/wp-json\/wp\/v2\/media?parent=1176"}],"curies":[{"name":"wp","href":"https:\/\/api.w.org\/{rel}","templated":true}]}}