{"id":1236,"date":"2012-05-17T23:07:56","date_gmt":"2012-05-17T22:07:56","guid":{"rendered":"http:\/\/www.sindacatodellefamiglie.org\/?page_id=1236"},"modified":"2012-05-17T23:07:56","modified_gmt":"2012-05-17T22:07:56","slug":"trentanni-di-sindacato","status":"publish","type":"page","link":"http:\/\/www.sindacatodellefamiglie.org\/index.php\/trentanni-di-sindacato\/","title":{"rendered":"TRENT&#8217;ANNI DI SINDACATO"},"content":{"rendered":"<p>Carissimi amici,<\/p>\n<p>quest\u2019anno ricorre il trentennale della nascita del Sindacato delle Famiglie!<\/p>\n<p>Nel 1982 un ristretto gruppo di famiglie di Milano fondava l\u2019associazione con lo scopo di promuovere e difendere i valori cristiani legati alla famiglia. Guardando tutto il lavoro svolto in questi anni, l\u2019intuizione iniziale che diede il via a tutto risulta, ora, pi\u00f9 chiara: non \u00a0rendere superflua la famiglia ma considerarla come parte irrinunciabile per la crescita della persona e, di conseguenza, dello sviluppo di una societ\u00e0 a misura d\u2019uomo.<\/p>\n<p>Dalle parole del fondatore Peppino Zola \u201d\u2026<em>Il soggetto familiare e\u2019 da difendere, sia dalla non sufficiente coscienza di s\u00e9 e della propria potenzialit\u00e0, sia dalla cultura dominante che la riduce e banalizza . E ci\u00f2 perch\u00e9 la famiglia \u00e8 il luogo della libert\u00e0. Essa infatti nasce da un s\u00ec libero, voluto e definitivo, si alimenta attraverso un libero darsi vicendevole, si espande con una libera accettazione di una fecondit\u00e0 operativa,vive sulla base della libera solidariet\u00e0 tra i suoi componenti. Per questo difendere la famiglia significa difendere un luogo concreto in cui si pu\u00f2 fare esperienza non solo di una libert\u00e0 di scelta, ma anche,in particolare, di una libert\u00e0 creativa e protagonista nella propria assunzione di responsabilit\u00e0, sia nel compito educativo che in quello culturale che in quello di solidariet\u00e0 e sussidiariet\u00e0,di cui la famiglia \u00e8 il soggetto privilegiato. La famiglia stessa trova cos\u00ec vantaggio ed alimento non solo per s\u00e9, ma anche per il vantaggio e\u00a0 l\u2019incremento di una intera societ\u00e0 ,che cos\u00ec pu\u00f2 riconoscersi finalmente popolo. Perci\u00f2 molti hanno paura e la combattono .<\/em>\u201d<\/p>\n<p>Cos\u00ec, sull\u2019entusiastica spinta di Don Giussani \u00a0da un gruppo di amici \u00e8 cominciata l\u2019avventura del Sindacato. Perch\u00e9 l\u2019idea di un Sindacato? \u00a0Perch\u00e9 \u00a0\u201d\u2026<em>non si pu\u00f2 dire amo i miei figli, permettendo alla societ\u00e0 di farne man bassa, non si pu\u00f2 dire: amo la mia famiglia,ci tengo alla mia famiglia, permettendo al costume sociale di distruggerla. Occorre il coraggio di difendere questi riferimenti in pubblico associandosi perch\u00e9 senza l\u2019associarsi la debolezza del singolo o del particolare \u00e8 travolta da qualsiasi forma di potere. Il Sindacato delle famiglie \u00e8 una carit\u00e0 che si fa a tutta la societ\u00e0 e che permane<\/em>.\u201d(Don Giussani)<\/p>\n<p>In tutti questi anni, sostenuti dal Magistero del S. Padre che ci ha permesso di vivere con pi\u00f9 consapevolezza l\u2019essere famiglia, \u00a0abbiamo condiviso una grande compagnia e un sostegno alla personale esperienza di sposi e genitori. Accompagnandoci nelle varie fasi della vita familiare con un giudizio chiaro su cui confrontarsi, condividendo i bisogni quotidiani fino alla creazione di servizi, scuole, asili, siamo diventati anche \u00a0interlocutori privilegiati delle Istituzioni nazionali, regionali e locali anticipando spesso tematiche all\u2019attenzione, oggi, di gran parte delle Pubbliche amministrazioni, come il Fattore Famiglia, in sperimentazione in Regione Lombardia. E\u2019 stata ed \u00e8 una compagnia operativa che non si \u00e8 mai tirata indietro di fronte agli attacchi spesso violenti di una mentalit\u00e0 che reputa il vincolo matrimoniale un retaggio del passato ,equiparandolo a qualsiasi forma di convivenza.<\/p>\n<p>Tutte le battaglie in campo legislativo, i giudizi, i progetti, gli incontri, i corsi che hanno segnato la nostra presenza in questi 30 anni nascono dalla coscienza e dal desiderio di essere protagonisti di questo cambiamento: \u201c<em>Le famiglie debbono per prime adoperarsi affinch\u00e9 la cultura, le leggi, e le istituzioni dello Stato non solo non offendano, ma sostengano i diritti e i doveri della famiglia. In tal senso nelle famiglie deve crescere la coscienza di essere protagoniste della cosiddetta politica familiare ed assumersi la responsabilit\u00e0 di trasformare la societ\u00e0. Diversamente saranno le prime vittime di quei mali che si sono limitate ad osservare con indifferenza\u201d. <\/em>(Giovanni paolo II,Familiaris Consortio 44).<\/p>\n<p>E\u2019 proprio dalla certezza derivata dalla positivit\u00e0 dell\u2019esperienza personale che abbiamo sempre sfidato questi luoghi comuni mai cercando una posizione reattiva ma sempre propositiva e facilmente sperimentabile. Da qui sono nati tanti rapporti inaspettati, amicizie profonde, collaborazioni con chi non \u00e8 direttamente in sintonia con noi ma comunque animato da un desiderio di confronto autentico: un\u2019apertura al dialogo e all\u2019incontro tra famiglie che ci ha portati ad un lavoro culturale dettato dall\u2019affronto dei reali bisogni incontrati.<\/p>\n<p>A partire dalla campagna per un \u201cfisco a misura di famiglia\u201d, dalla battaglia sulla libert\u00e0 di educazione, dall\u2019attenzione per un corretto uso dei mass-media, alla conciliazione lavoro-famiglia le nostre proposte, oltre ad essere di attualit\u00e0, hanno portato a concreti risultati valutabili anche economicamente come la rimodulazione dell\u2019IMU secondo il carico familiare, studiata e presentata al Governo insieme al Forum delle Associazioni Familiari \u00a0,che ha permesso un \u00a0risparmio di \u00a0diverse centinaia di euro a famiglia.<\/p>\n<p>Il prossimo appuntamento del VII Incontro Mondiale delle Famiglie con il Santo Padre Benedetto XVI, che si terr\u00e0 a Milano dal 29 maggio al 3 giugno su \u201cFamiglia: il lavoro e la festa\u201d, chiama tutti noi ad approfondire e a confrontarci sui temi sostanziali dell\u2019essere famiglia rispetto alle incalzanti sfide del nostro tempo.<\/p>\n<p>L\u2019augurio che formulo a tutti noi \u00e8 che questo straordinario evento sia l\u2019opportunit\u00e0 per rafforzare la consapevolezza che l\u2019opera da noi intrapresa 30 anni fa poggia la sua origine e il suo\u00a0 futuro dentro il grande alveo della Chiesa Universale.<\/p>\n<p>Questa \u00e8 la nostra storia. Questa la nostra identit\u00e0.<\/p>\n<p>Sperando di incontrarci tutti a Milano,<\/p>\n<p>Vi saluto con affetto.<\/p>\n<p>Caterina Tartaglione<\/p>\n<p>Presidente Sindacato delle Famiglie onlus.<\/p>\n","protected":false},"excerpt":{"rendered":"<p>Carissimi amici, quest\u2019anno ricorre il trentennale della nascita del Sindacato delle Famiglie! Nel 1982 un ristretto gruppo di famiglie di Milano fondava l\u2019associazione con lo scopo di promuovere e difendere i valori cristiani legati alla famiglia. Guardando tutto il lavoro svolto in questi anni, l\u2019intuizione iniziale che diede il via a tutto risulta, ora, pi\u00f9 [&hellip;]<\/p>\n","protected":false},"author":3,"featured_media":0,"parent":0,"menu_order":0,"comment_status":"closed","ping_status":"open","template":"","meta":{"ngg_post_thumbnail":0},"aioseo_notices":[],"_links":{"self":[{"href":"http:\/\/www.sindacatodellefamiglie.org\/index.php\/wp-json\/wp\/v2\/pages\/1236"}],"collection":[{"href":"http:\/\/www.sindacatodellefamiglie.org\/index.php\/wp-json\/wp\/v2\/pages"}],"about":[{"href":"http:\/\/www.sindacatodellefamiglie.org\/index.php\/wp-json\/wp\/v2\/types\/page"}],"author":[{"embeddable":true,"href":"http:\/\/www.sindacatodellefamiglie.org\/index.php\/wp-json\/wp\/v2\/users\/3"}],"replies":[{"embeddable":true,"href":"http:\/\/www.sindacatodellefamiglie.org\/index.php\/wp-json\/wp\/v2\/comments?post=1236"}],"version-history":[{"count":1,"href":"http:\/\/www.sindacatodellefamiglie.org\/index.php\/wp-json\/wp\/v2\/pages\/1236\/revisions"}],"predecessor-version":[{"id":1237,"href":"http:\/\/www.sindacatodellefamiglie.org\/index.php\/wp-json\/wp\/v2\/pages\/1236\/revisions\/1237"}],"wp:attachment":[{"href":"http:\/\/www.sindacatodellefamiglie.org\/index.php\/wp-json\/wp\/v2\/media?parent=1236"}],"curies":[{"name":"wp","href":"https:\/\/api.w.org\/{rel}","templated":true}]}}