{"id":1260,"date":"2012-06-10T09:20:53","date_gmt":"2012-06-10T08:20:53","guid":{"rendered":"http:\/\/www.sindacatodellefamiglie.org\/?page_id=1260"},"modified":"2012-06-10T09:22:00","modified_gmt":"2012-06-10T08:22:00","slug":"libri","status":"publish","type":"page","link":"http:\/\/www.sindacatodellefamiglie.org\/index.php\/educazione\/libri\/","title":{"rendered":"Libri"},"content":{"rendered":"<p>30\/05\/2012<br \/>\n<strong>Novit\u00e0 in libreria. \u00abL\u2019avventura della famiglia\u00bb di Angela e Giampaolo Cottini<\/strong><\/p>\n<p><strong>L&#8217;AVVENTURA DELLA FAMIGLIA<\/strong><\/p>\n<p><strong><em>Fidanzamento, matrimonio &amp; dopo<\/em><\/strong><\/p>\n<table style=\"width: 249px; height: 22px;\" border=\"0\" cellpadding=\"0\">\n<tbody>\n<tr>\n<td><\/td>\n<\/tr>\n<\/tbody>\n<\/table>\n<p>di <strong>Angela<\/strong> e <strong>Giampaolo Cottini<\/strong><\/p>\n<p><strong><br \/>\nPrefazione <\/strong>del card. <strong>Angelo Scola <\/strong><\/p>\n<table style=\"width: 95%;\" border=\"0\" cellpadding=\"0\">\n<tbody>\n<tr>\n<td><strong>IL LIBRO<\/strong><\/p>\n<p>Il   libro affronta, secondo un itinerario sistematico, le fasi della vita insieme   dal fidanzamento al matrimonio sino al consolidarsi della famiglia nella   maturit\u00e0 della sua identit\u00e0, esplorando la bellezza dell\u2019amore coniugale e   genitoriale, e mettendo in luce il confronto tra le quotidiane vicende che   accompagnano la vita di una famiglia \u00abnormale\u00bb con la coscienza di   appartenenza ecclesiale cui gli autori fanno esplicito riferimento.   Rivolgendosi soprattutto a fidanzati, a membri di gruppi e movimenti, ma   anche a ogni famiglia desiderosa di approfondire la bellezza della sua   vocazione, queste pagine sono un tributo di riconoscenza degli autori per   quanto hanno ricevuto dentro la \u00abstoria buona\u00bb generata dalla grazia del   matrimonio, \u00abmistero nuziale\u00bb della presenza di Dio di cui vedono il   compimento <em>di generazione in generazione<\/em>.<\/p>\n<p>Per   chi non rinuncia a interrogarsi sulle ragioni delle cose non pu\u00f2 non essere   una provocazione: oggi la famiglia \u00e8 una vera avventura. Viene in mente la   scena classica di certi film western. L\u2019eroe deve per forza spingersi lungo   un impervio sentiero obbligato: da una parte il precipizio, dall\u2019altra   l\u2019agguato del nemico. Spesso, nel frangente socioculturale attuale, le   famiglie sembrano costrette ad \u201cavventurarsi\u201d, come l\u2019eroe del film, in un   percorso a prima vista senza vie d\u2019uscita.<\/p>\n<p>(Dalla   prefazione del card. Angelo Scola)<\/td>\n<\/tr>\n<tr>\n<td><strong>GLI AUTORI<\/strong><\/p>\n<p><strong>Angela<\/strong> e <strong>Giampaolo   Cottini<\/strong>, nati entrambi nel 1950, sposati dal \u201975, vivono a Varese; hanno   3 figli e 5 nipoti. Lei, laurea in Lettere moderne, \u00e8 insegnante e mediatrice   famigliare; collabora alla realizzazione di progetti di formazione per   genitori, seguendo anche situazioni di famiglie in difficolt\u00e0. Anima insieme   al marito corsi di preparazione al matrimonio. \u00c8, infine, su queste   tematiche, conduttrice radiofonica presso una Radio cattolica locale. Lui,   laureato in Filosofia, \u00e8 docente di Etica sociale, Deontologia professionale   ed Etica delle relazioni di cura nell\u2019Universit\u00e0 Cattolica. Giornalista   pubblicista e saggista, ha gi\u00e0 pubblicato con Ares: <a href=\"http:\/\/www.ares.mi.it\/index.php?pagina=libro&amp;id=149&amp;q=Etica-medica\"><em>Etica   medica<\/em><\/a> (1991) e <a href=\"http:\/\/www.ares.mi.it\/index.php?pagina=libro&amp;id=536&amp;q=L%92Avvenimento%20della%20Conoscenza\"><em>L\u2019avvenimento   della conoscenza. Un itinerario tra i discorsi di Benedetto XVI al mondo   della cultura, dell\u2019Universit\u00e0, della scienza<\/em><\/a> (2011).<\/td>\n<\/tr>\n<\/tbody>\n<\/table>\n<p><strong>\u00abL&#8217;AVVENTURA DELLA FAMIGLIA\u00bb<\/strong><\/p>\n<p>La <em>Prefazione <\/em>del card. <strong>Angelo Scola<\/strong><\/p>\n<table style=\"width: 95%;\" border=\"0\" cellspacing=\"1\" cellpadding=\"0\">\n<tbody>\n<tr>\n<td>\n<table style=\"width: 20%;\" border=\"0\" cellpadding=\"0\" align=\"left\">\n<tbody><\/tbody>\n<\/table>\n<p>Definire,   come fa il presente volume, la famiglia come una \u00abavventura\u00bb pu\u00f2 suscitare, a   prima vista, reazioni assai disparate. Infatti, per alcuni pu\u00f2 far pensare a   un cammino vocazionale bello da percorrere; per altri, invece, pu\u00f2 apparire   un richiamo ingenuo a una istituzione ormai logora, propria delle societ\u00e0   occidentali; altri ancora possono sentire il termine \u00abavventura\u00bb con la   nostalgia di un rischio che non si sentono di assumere. Comunque sia, per chi   non rinuncia a interrogarsi sulle ragioni delle cose non pu\u00f2 non essere una   provocazione: oggi la famiglia \u00e8 una vera avventura.<\/p>\n<p>Viene   in mente la scena classica di certi film western. L\u2019eroe deve per forza   spingersi lungo un impervio sentiero obbligato: da una parte il precipizio,   dall\u2019altra l\u2019agguato del nemico.<\/p>\n<p>Spesso,   nel frangente socioculturale attuale, le famiglie sembrano costrette ad   \u00abavventurarsi\u00bb, come l\u2019eroe del film, in un percorso a prima vista senza vie   d\u2019uscita.<\/p>\n<p>Da   una parte sono insidiate da una concezione individualista, dove viene negata   la valenza effettiva dell\u2019altro da s\u00e9. \u00c8 come se l\u2019altro, il \u00abtu\u00bb, non fosse   dato con l\u2019\u00abio\u00bb. Esso \u00e8 considerato qualcosa da utilizzare o scartare, a   seconda che serva o meno al proprio tornaconto. Il \u00abtu\u00bb non entra nella   definizione dell\u2019\u00abio\u00bb, al massimo ne \u00e8 un\u2019appendice. L\u2019altro difficilmente   pu\u00f2 essere sentito come amico o socio, pi\u00f9 facilmente \u00e8 percepito come mezzo   utile o come ostacolo.<\/p>\n<p>Dall\u2019altra   parte, per\u00f2, ai nostri giorni, un\u2019eccessiva enfasi emotiva viene posta sul   rapporto di coppia. Un\u2019enfasi che riduce il rapporto a un fatto intimistico   il cui valore \u00e8 meramente privato. Ci\u00f2 nega, di fatto, la dimensione pubblica   dell\u2019amore e lo riduce al protrarsi del segreto adolescenziale dei primi   innamoramenti. In questo senso, l\u2019esaltazione intimistica della coppia \u00e8 in   linea con la modalit\u00e0 individualistica di concepire s\u00e9 stessi di fronte alla   societ\u00e0. Infatti, la donazione reciproca tende a rifiutare un carattere   ufficiale e pubblico.<\/p>\n<p>A   questi due elementi se ne aggiunge un terzo. La coppia non viene pi\u00f9   sperimentata, positivamente, come il luogo di una vicendevole dedizione   responsabile, ma come una sorta di \u00abnascondiglio\u00bb. La coppia assume la   configurazione di una terza realt\u00e0 (entit\u00e0) autonoma, oltre i singoli. Come   se non fosse necessaria, innanzitutto, la verit\u00e0 di ognuno dei due perch\u00e9   scaturisca la fecondit\u00e0 di un amore. Nella realt\u00e0, infatti, esistono un io e   un tu, un uomo e una donna, un marito e una moglie, e la verit\u00e0 di ciascuno \u00e8   la condizione necessaria alla verit\u00e0 dell\u2019altro. L\u2019essere insieme, l\u2019essere   una sola carne (una caro), pu\u00f2 poggiare solo sulla consistenza personale di   ciascuno dei due. C\u2019\u00e8 un\u2019esaltazione indebita della coppia l\u00e0 dove   l\u2019\u00abinsieme\u00bb diventa un modo per nascondere s\u00e9 stessi, il proprio bisogno, la   propria fragilit\u00e0 e inconsistenza umana, quando l\u2019\u00abinsieme\u00bb invece di essere   una strada per l\u2019oggettivo compimento dei due diventa sentimentalismo   riduttivo e ripiegante.<\/p>\n<p>Che   cosa rende possibile inoltrarsi, anche con fatica, sulla strada della   famiglia? L\u2019appartenenza a un luogo in cui le ragioni concrete per questo   cammino siano donate e ridonate ogni giorno come provocazione alla libert\u00e0   del marito, della moglie e dei figli. Gli autori del presente volume, che   offrono percorsi di vita famigliare saldamente ancorati a una precisa   esperienza, ci aiutano a capire che la vita della Chiesa, in quanto luogo in   cui si riconosce nel Crocifisso Risorto il proprio centro affettivo, \u00e8 la   strada della verit\u00e0 e del compimento della famiglia.<\/p>\n<p>\u2020   Card. <strong>Angelo Scola<\/strong><\/p>\n<p>Arcivescovo   di Milano<\/td>\n<\/tr>\n<\/tbody>\n<\/table>\n","protected":false},"excerpt":{"rendered":"<p>30\/05\/2012 Novit\u00e0 in libreria. \u00abL\u2019avventura della famiglia\u00bb di Angela e Giampaolo Cottini L&#8217;AVVENTURA DELLA FAMIGLIA Fidanzamento, matrimonio &amp; dopo di Angela e Giampaolo Cottini Prefazione del card. Angelo Scola IL LIBRO Il libro affronta, secondo un itinerario sistematico, le fasi della vita insieme dal fidanzamento al matrimonio sino al consolidarsi della famiglia nella maturit\u00e0 della [&hellip;]<\/p>\n","protected":false},"author":3,"featured_media":0,"parent":11,"menu_order":1,"comment_status":"closed","ping_status":"open","template":"","meta":{"ngg_post_thumbnail":0},"aioseo_notices":[],"_links":{"self":[{"href":"http:\/\/www.sindacatodellefamiglie.org\/index.php\/wp-json\/wp\/v2\/pages\/1260"}],"collection":[{"href":"http:\/\/www.sindacatodellefamiglie.org\/index.php\/wp-json\/wp\/v2\/pages"}],"about":[{"href":"http:\/\/www.sindacatodellefamiglie.org\/index.php\/wp-json\/wp\/v2\/types\/page"}],"author":[{"embeddable":true,"href":"http:\/\/www.sindacatodellefamiglie.org\/index.php\/wp-json\/wp\/v2\/users\/3"}],"replies":[{"embeddable":true,"href":"http:\/\/www.sindacatodellefamiglie.org\/index.php\/wp-json\/wp\/v2\/comments?post=1260"}],"version-history":[{"count":3,"href":"http:\/\/www.sindacatodellefamiglie.org\/index.php\/wp-json\/wp\/v2\/pages\/1260\/revisions"}],"predecessor-version":[{"id":1263,"href":"http:\/\/www.sindacatodellefamiglie.org\/index.php\/wp-json\/wp\/v2\/pages\/1260\/revisions\/1263"}],"up":[{"embeddable":true,"href":"http:\/\/www.sindacatodellefamiglie.org\/index.php\/wp-json\/wp\/v2\/pages\/11"}],"wp:attachment":[{"href":"http:\/\/www.sindacatodellefamiglie.org\/index.php\/wp-json\/wp\/v2\/media?parent=1260"}],"curies":[{"name":"wp","href":"https:\/\/api.w.org\/{rel}","templated":true}]}}