{"id":1806,"date":"2015-05-17T22:42:40","date_gmt":"2015-05-17T21:42:40","guid":{"rendered":"http:\/\/www.sindacatodellefamiglie.org\/?page_id=1806"},"modified":"2015-05-17T22:42:40","modified_gmt":"2015-05-17T21:42:40","slug":"elezioni","status":"publish","type":"page","link":"http:\/\/www.sindacatodellefamiglie.org\/index.php\/elezioni\/","title":{"rendered":"Elezioni"},"content":{"rendered":"<p>Il 31 maggio saranno chiamati alle urne circa 17 milioni di persone per il rinnovo di governi regionali, comunali e sindaci. Le elezioni sono, come sempre, un\u2019 occasione importante per riaffermare il ruolo fondamentale che la famiglia ha nel dibattito politico nonostante il pi\u00f9 delle volte sia ignorata ed ostacolata. E&#8217; importante invece ribadire che la famiglia costituisce ancora oggi la risorsa pi\u00f9 preziosa e importante per il nostro Paese, fonte di coesione sociale e alleanza tra le generazioni. Va perci\u00f2 sostenuta con politiche adeguate socialmente ed economicamente. Quella del 31 maggio \u00e8 quindi un&#8217;opportunit\u00e0 per testimoniare e dare voce a tutte le famiglie che quotidianamente con la loro presenza e con il loro lavoro collaborano con le istituzioni per promuovere una societ\u00e0 solidale e sussidiaria. E&#8217; tempo che la famiglia sia riconosciuta pienamente come luogo fondamentale per lo sviluppo del territorio, sia dal punto di vista della ripresa economica sia della produzione del capitale sociale. E&#8217; tempo di regioni a misura di famiglia dove fisco, ticket sanitari e tariffe vengano modulate a seconda dei carichi familiari, dove siano promosse politiche per la natalit\u00e0 e per la tutela della gravidanza, in cui sia sostenuto\u00a0 un welfare generativo e favorita una reale conciliazione famiglia lavoro. Le famiglie ci sono e vogliono tornare a contare per collaborare con le istituzioni riguardo alle scelte che competono loro e per la valutazione dell&#8217;impatto che i diversi provvedimenti di politiche regionali possono avere sulle famiglie stesse. Facciamo nostra l&#8217;affermazione contenuta nel Manifesto del Foum e che i candidati governatori e consiglieri potranno decidere se sottoscrivere, in cui si dice che: &#8221; Non c&#8217;\u00e8 sviluppo e non c&#8217;\u00e8 futuro senza la famiglia aperta alla vita, che cura i figli, naturali o affidatari, famiglia che diventa prossima di altre famiglie e che si associa con altre famiglie per costruire una societ\u00e0 dal volto umano, solidale, sussidiario e generativo.<br \/>\nVi segnaliamo alcune indicazioni \u00a0formulate insieme agli amici del Forum delle Associazioni Familiari presenti nelle varie realt\u00e0 locali, in modo che le proposte siano maggiormente incisive e rappresentative delle diverse esigenze dei singoli territori:<\/p>\n<p><strong>REGIONI<\/strong><\/p>\n<ul>\n<li><a href=\"http:\/\/www.forumfamiglie.org\/allegati\/documento_749.pdf\">Marche<\/a><\/li>\n<li><a href=\"http:\/\/www.forumfamiglie.org\/allegati\/documento_747.pdf\">Puglia<\/a><\/li>\n<li><a href=\"http:\/\/www.forumfamiglie.org\/allegati\/documento_754.pdf\">Toscana<\/a><\/li>\n<li><a href=\"http:\/\/www.forumfamiglie.org\/allegati\/documento_748.pdf\">Veneto<\/a><\/li>\n<\/ul>\n<p><strong>COMUNI<\/strong><\/p>\n<ul>\n<li><a href=\"http:\/\/www.forumfamiglie.org\/allegati\/documento_750.pdf\">Comuni Val d&#8217;Aosta<\/a><\/li>\n<li><a href=\"http:\/\/allegati\/documento_752.pdf\">Seregno (MB)<\/a><\/li>\n<\/ul>\n","protected":false},"excerpt":{"rendered":"<p>Il 31 maggio saranno chiamati alle urne circa 17 milioni di persone per il rinnovo di governi regionali, comunali e sindaci. Le elezioni sono, come sempre, un\u2019 occasione importante per riaffermare il ruolo fondamentale che la famiglia ha nel dibattito politico nonostante il pi\u00f9 delle volte sia ignorata ed ostacolata. E&#8217; importante invece ribadire che [&hellip;]<\/p>\n","protected":false},"author":3,"featured_media":0,"parent":0,"menu_order":0,"comment_status":"closed","ping_status":"open","template":"","meta":{"ngg_post_thumbnail":0},"aioseo_notices":[],"_links":{"self":[{"href":"http:\/\/www.sindacatodellefamiglie.org\/index.php\/wp-json\/wp\/v2\/pages\/1806"}],"collection":[{"href":"http:\/\/www.sindacatodellefamiglie.org\/index.php\/wp-json\/wp\/v2\/pages"}],"about":[{"href":"http:\/\/www.sindacatodellefamiglie.org\/index.php\/wp-json\/wp\/v2\/types\/page"}],"author":[{"embeddable":true,"href":"http:\/\/www.sindacatodellefamiglie.org\/index.php\/wp-json\/wp\/v2\/users\/3"}],"replies":[{"embeddable":true,"href":"http:\/\/www.sindacatodellefamiglie.org\/index.php\/wp-json\/wp\/v2\/comments?post=1806"}],"version-history":[{"count":2,"href":"http:\/\/www.sindacatodellefamiglie.org\/index.php\/wp-json\/wp\/v2\/pages\/1806\/revisions"}],"predecessor-version":[{"id":1808,"href":"http:\/\/www.sindacatodellefamiglie.org\/index.php\/wp-json\/wp\/v2\/pages\/1806\/revisions\/1808"}],"wp:attachment":[{"href":"http:\/\/www.sindacatodellefamiglie.org\/index.php\/wp-json\/wp\/v2\/media?parent=1806"}],"curies":[{"name":"wp","href":"https:\/\/api.w.org\/{rel}","templated":true}]}}