{"id":314,"date":"2010-08-20T15:48:25","date_gmt":"2010-08-20T14:48:25","guid":{"rendered":"http:\/\/www.sindacatodellefamiglie.org\/?page_id=314"},"modified":"2011-07-28T23:19:46","modified_gmt":"2011-07-28T22:19:46","slug":"regione-sicilia-pubblicato-il-bando-per-i-bonus-bebe","status":"publish","type":"page","link":"http:\/\/www.sindacatodellefamiglie.org\/index.php\/fisco\/politiche-familiari\/regione-sicilia-pubblicato-il-bando-per-i-bonus-bebe\/","title":{"rendered":"Regione Sicilia: pubblicato il bando per i bonus beb\u00e9"},"content":{"rendered":"<p>L&#8217;assessorato della Famiglia della Regione Siciliana, ha pubblicato il bando relativo al Bonus Beb\u00e8 di euro 1.000,00 per i bambini nati dal primo gennaio al trenta giugno 2010. Il decreto, in applicazione all&#8217;articolo 6 della legge regionale sulla famiglia del 31 luglio 2003, \u00abpromuove la riduzione ed il superamento degli ostacoli di ordine economico alla procreazione per le famiglie meno abbienti, nei limiti dello stanziamento disponibile, pari a euro 2.000.000,00\u00bb. Per avere diritto al bonus per la nascita di un figlio bisogna fare domanda ai comuni di appartenenza, da parte di un genitore o dei soggetti esercenti la potest\u00e0 parentale, con cittadinanza italiana o in caso di soggetto extracomunitario, titolarit\u00e0 di permesso di soggiorno; con residenza nel territorio della Regione Siciliana al momento del parto o dell.adozione; e con un indicatore I.S.E.E. del nucleo familiare del richiedente non superiore a euro 5.000,00. Il primo bonus beb\u00e8 risale al 2004 e a beneficiarne sono stati 27 mila famiglie, mentre nel 2005 a trarne profitto furono addirittura 30 mila nuclei familiari, lo stanziamento fu di ben 30 milioni di euro. Adesso con uno stanziamento di appena 2 milioni di euro a beneficiarne potranno essere solo 2000 famiglie, a fronte di circa 49 mila nuovi nati l&#8217;anno. Non solo. Nel 2005 il tetto Isee da non superare era di 7 mila euro, oggi di 5 mila euro. Cos\u00ec impostato il bonus del 2010 da parte della regione siciliana \u00e8 un gesto simbolico. Dove, ancora una volta, a vincere \u00e8 la logica assistenzialistica. Se \u00e8 vero che si vuole aiutare la famiglia a cui nasce un figlio; il bonus non dovrebbe avere problemi ogni anno di disponibilit\u00e0 finanziaria. Dovrebbe essere messo a regime per tutto l&#8217;anno. Anche perch\u00e9 chi \u00e8 nato dopo il 30 Giugno perch\u00e9 non deve avere diritto a nulla? E poi il fatto che per usufruirne bisogna avere un Isee non superiore a 5 mila euro \u00e8 veramente ridicolo. Molto pi\u00f9 interessante, e forse dimenticato dagli stessi comuni che non ne fanno un&#8217;adeguata pubblicit\u00e0, \u00e8 l&#8217;assegno di maternit\u00e0 per ogni figlio nato in un nucleo in cui la mamma \u00e8 casalinga. L&#8217;importo dell&#8217;assegno per il 2010 \u00e8 di Euro 1.556,35, e l&#8217;indicatore della situazione economica da non superare, per nuclei di almeno 3 componenti \u00e8 di euro 32.448,22.<\/p>\n<p style=\"TEXT-ALIGN: right\">\u00a0\u00a0\u00a0\u00a0\u00a0\u00a0\u00a0\u00a0\u00a0\u00a0\u00a0\u00a0\u00a0\u00a0\u00a0\u00a0\u00a0\u00a0\u00a0\u00a0\u00a0\u00a0\u00a0\u00a0\u00a0\u00a0\u00a0\u00a0\u00a0\u00a0\u00a0\u00a0\u00a0\u00a0\u00a0\u00a0\u00a0\u00a0\u00a0\u00a0\u00a0\u00a0\u00a0\u00a0\u00a0\u00a0\u00a0\u00a0\u00a0\u00a0\u00a0\u00a0\u00a0\u00a0\u00a0\u00a0\u00a0\u00a0\u00a0\u00a0\u00a0\u00a0\u00a0\u00a0\u00a0\u00a0\u00a0\u00a0\u00a0\u00a0\u00a0\u00a0\u00a0\u00a0\u00a0\u00a0\u00a0\u00a0\u00a0\u00a0\u00a0\u00a0\u00a0\u00a0\u00a0\u00a0\u00a0\u00a0\u00a0\u00a0\u00a0\u00a0\u00a0\u00a0\u00a0\u00a0\u00a0\u00a0\u00a0\u00a0\u00a0\u00a0\u00a0\u00a0\u00a0\u00a0\u00a0\u00a0\u00a0\u00a0\u00a0\u00a0\u00a0\u00a0\u00a0\u00a0\u00a0\u00a0\u00a0\u00a0\u00a0\u00a0\u00a0\u00a0\u00a0\u00a0\u00a0\u00a0 Nuccio Condorelli<br \/>\n\u00a0\u00a0\u00a0\u00a0\u00a0\u00a0\u00a0\u00a0\u00a0\u00a0\u00a0\u00a0\u00a0\u00a0\u00a0\u00a0\u00a0\u00a0\u00a0\u00a0\u00a0\u00a0\u00a0\u00a0\u00a0\u00a0\u00a0\u00a0\u00a0\u00a0\u00a0\u00a0\u00a0\u00a0\u00a0\u00a0\u00a0\u00a0\u00a0\u00a0\u00a0\u00a0\u00a0\u00a0\u00a0\u00a0\u00a0\u00a0\u00a0\u00a0\u00a0\u00a0\u00a0\u00a0\u00a0\u00a0\u00a0\u00a0\u00a0\u00a0\u00a0\u00a0\u00a0\u00a0\u00a0\u00a0\u00a0\u00a0\u00a0\u00a0\u00a0\u00a0\u00a0\u00a0\u00a0\u00a0\u00a0\u00a0\u00a0\u00a0\u00a0\u00a0\u00a0\u00a0\u00a0\u00a0\u00a0\u00a0\u00a0\u00a0\u00a0\u00a0\u00a0\u00a0 Sindacato delle Famiglie(<a href=\"mailto:sidefct@iol.it\">sidefct@iol.it<\/a>)<\/p>\n<p style=\"text-align: left;\">Pubblicato sul quotidiano \u201cLa Sicilia\u201d il 3 Agosto del 2010<\/p>\n","protected":false},"excerpt":{"rendered":"<p>L&#8217;assessorato della Famiglia della Regione Siciliana, ha pubblicato il bando relativo al Bonus Beb\u00e8 di euro 1.000,00 per i bambini nati dal primo gennaio al trenta giugno 2010. Il decreto, in applicazione all&#8217;articolo 6 della legge regionale sulla famiglia del 31 luglio 2003, \u00abpromuove la riduzione ed il superamento degli ostacoli di ordine economico alla [&hellip;]<\/p>\n","protected":false},"author":2,"featured_media":0,"parent":7,"menu_order":0,"comment_status":"closed","ping_status":"closed","template":"","meta":{"ngg_post_thumbnail":0},"aioseo_notices":[],"_links":{"self":[{"href":"http:\/\/www.sindacatodellefamiglie.org\/index.php\/wp-json\/wp\/v2\/pages\/314"}],"collection":[{"href":"http:\/\/www.sindacatodellefamiglie.org\/index.php\/wp-json\/wp\/v2\/pages"}],"about":[{"href":"http:\/\/www.sindacatodellefamiglie.org\/index.php\/wp-json\/wp\/v2\/types\/page"}],"author":[{"embeddable":true,"href":"http:\/\/www.sindacatodellefamiglie.org\/index.php\/wp-json\/wp\/v2\/users\/2"}],"replies":[{"embeddable":true,"href":"http:\/\/www.sindacatodellefamiglie.org\/index.php\/wp-json\/wp\/v2\/comments?post=314"}],"version-history":[{"count":7,"href":"http:\/\/www.sindacatodellefamiglie.org\/index.php\/wp-json\/wp\/v2\/pages\/314\/revisions"}],"predecessor-version":[{"id":317,"href":"http:\/\/www.sindacatodellefamiglie.org\/index.php\/wp-json\/wp\/v2\/pages\/314\/revisions\/317"}],"up":[{"embeddable":true,"href":"http:\/\/www.sindacatodellefamiglie.org\/index.php\/wp-json\/wp\/v2\/pages\/7"}],"wp:attachment":[{"href":"http:\/\/www.sindacatodellefamiglie.org\/index.php\/wp-json\/wp\/v2\/media?parent=314"}],"curies":[{"name":"wp","href":"https:\/\/api.w.org\/{rel}","templated":true}]}}