{"id":424,"date":"2010-09-22T09:42:17","date_gmt":"2010-09-22T08:42:17","guid":{"rendered":"http:\/\/www.sindacatodellefamiglie.org\/?page_id=424"},"modified":"2011-07-28T23:20:15","modified_gmt":"2011-07-28T22:20:15","slug":"pesaro-ciclo-di-incontri-rivolti-alle-coppie","status":"publish","type":"page","link":"http:\/\/www.sindacatodellefamiglie.org\/index.php\/pesaro-ciclo-di-incontri-rivolti-alle-coppie\/","title":{"rendered":"Pesaro: ciclo di incontri rivolti alle coppie"},"content":{"rendered":"<p>L\u2019Associazione Amici del SideF di Pesaro ripropone un nuovo ciclo di incontri dal titolo <strong>\u201cCome costruire il rapporto di coppia e coltivarlo nel quotidiano e per sempre\u201d<\/strong>. La costruzione del rapporto tra marito e moglie o tra fidanzati che al matrimonio si preparano, richiede un continuo lavoro personale sempre rinnovato nella conoscenza reciproca e una libera e piena accettazione della diversit\u00e0 dell\u2019altro. Partendo da questi presupposti accettati in piena coscienza e libert\u00e0, la coppia pu\u00f2 vivere la grande avventura dell\u2019edificazione di un rapporto vero di fronte a s\u00e8 stessi, ai figli e alla societ\u00e0. Gli incontri saranno guidati dalla Dr.ssa Nicoletta Sanese e si terranno:<\/p>\n<p><strong>Marted\u00ec 5 ottobre; Gioved\u00ec 14 Ottobre e 4 Novembre; Marted\u00ec 9, 23 e 30 Novembre.<\/strong> ai seguenti orari: <strong>dalle 21,00 alle 23,00<\/strong> alla Parrocchia San Paolo in Via San Marino 2, quartiere Tombaccia a Pesaro.<\/p>\n<p>Per partecipare occorre iscriversi, anche a un singolo incontro. le iscrizioni di ogni incontro si chiuderanno al al raggiungimento di 40 iscritti. Per informazioni e iscrizioni, la referente a cui rivolgersi \u00e8 Katia Macchini, Presidente dell\u2019Associazione Amici del SideF, al numero 349-3691912.<br \/>\n<a href=\"http:\/\/www.sindacatodellefamiglie.org\/wp-content\/uploads\/2010\/09\/Comunicato-Stampa-Amici-del-Sidef-Pesaro.pdf\">Comunicato Stampa<\/a><\/p>\n","protected":false},"excerpt":{"rendered":"<p>L\u2019Associazione Amici del SideF di Pesaro ripropone un nuovo ciclo di incontri dal titolo \u201cCome costruire il rapporto di coppia e coltivarlo nel quotidiano e per sempre\u201d. La costruzione del rapporto tra marito e moglie o tra fidanzati che al matrimonio si preparano, richiede un continuo lavoro personale sempre rinnovato nella conoscenza reciproca e una [&hellip;]<\/p>\n","protected":false},"author":3,"featured_media":0,"parent":0,"menu_order":0,"comment_status":"closed","ping_status":"closed","template":"","meta":{"ngg_post_thumbnail":0},"aioseo_notices":[],"_links":{"self":[{"href":"http:\/\/www.sindacatodellefamiglie.org\/index.php\/wp-json\/wp\/v2\/pages\/424"}],"collection":[{"href":"http:\/\/www.sindacatodellefamiglie.org\/index.php\/wp-json\/wp\/v2\/pages"}],"about":[{"href":"http:\/\/www.sindacatodellefamiglie.org\/index.php\/wp-json\/wp\/v2\/types\/page"}],"author":[{"embeddable":true,"href":"http:\/\/www.sindacatodellefamiglie.org\/index.php\/wp-json\/wp\/v2\/users\/3"}],"replies":[{"embeddable":true,"href":"http:\/\/www.sindacatodellefamiglie.org\/index.php\/wp-json\/wp\/v2\/comments?post=424"}],"version-history":[{"count":7,"href":"http:\/\/www.sindacatodellefamiglie.org\/index.php\/wp-json\/wp\/v2\/pages\/424\/revisions"}],"predecessor-version":[{"id":429,"href":"http:\/\/www.sindacatodellefamiglie.org\/index.php\/wp-json\/wp\/v2\/pages\/424\/revisions\/429"}],"wp:attachment":[{"href":"http:\/\/www.sindacatodellefamiglie.org\/index.php\/wp-json\/wp\/v2\/media?parent=424"}],"curies":[{"name":"wp","href":"https:\/\/api.w.org\/{rel}","templated":true}]}}