{"id":5,"date":"2009-12-15T16:48:07","date_gmt":"2009-12-15T15:48:07","guid":{"rendered":"http:\/\/www.sindacatodellefamiglie.org\/?page_id=5"},"modified":"2018-05-16T15:16:19","modified_gmt":"2018-05-16T14:16:19","slug":"fisco","status":"publish","type":"page","link":"http:\/\/www.sindacatodellefamiglie.org\/index.php\/fisco\/","title":{"rendered":"Fisco"},"content":{"rendered":"<p><span style=\"color: #0000ff;\"><strong>Rivoluzione in Lombardia, arriva il Fattore Famiglia per un fisco pi\u00f9 equo<\/strong><\/span><\/p>\n<p><strong>Ecco come si concretizzer\u00e0 l&#8217;equit\u00e0 fiscale lombarda grazie all&#8217;approvazione di un sistema contributivo che dopo tanti anni rende finalmente giustizia alle famiglie. La Regione Lombardia segna cos\u00ec un bel punto nella costruzione di politiche \u201cfamily friendly\u201d.<\/strong><\/p>\n<p>La recente approvazione del<strong> \u201cFattore Famiglia\u201d da parte del Consiglio Regionale Lombardo<\/strong> \u00e8 oggettivamente una buona notizia. Una Regione importante, dopo un lungo periodo di dibattito interno alla politica, e dopo una seria opera di ascolto e dialogo con le forze sociali, introduce uno strumento che consentir\u00e0 di migliorare l\u2019equit\u00e0 familiare dei propri interventi, individuando e premiando con migliore precisione e giustizia le famiglie con maggiori carichi familiari. Ed \u00e8 significativo che la notizia sia stata commentata con favore <strong>non solo dal Forum delle associazioni familiari lombardo<\/strong>, che lo definisce un vero e proprio <em>\u201csalto culturale nel sistema di valutazione della capacit\u00e0 contributiva dei cittadini\u201d<\/em>, ma anche dal Forum nazionale, che invita anche le altre regioni a dotarsi di <em>\u201cuno strumento fiscale che, di fatto, dopo tanti anni di tassazioni inique rende giustizia alle famiglie\u201d<\/em>.<\/p>\n<p><strong>Oltre al pregio di migliorare la sensibilit\u00e0 (peraltro abbastanza scarsa) dell\u2019ISEE<\/strong> rispetto ai carichi familiari, l\u2019approvazione del Fattore Famiglia Lombardo \u00e8 segnale forte perch\u00e9 per una volta porta la famiglia tra i primi punti dell\u2019agenda di una pubblica amministrazione, in modo concreto e non ideologico. Con il Fattore Famiglia chi ha maggiori carichi familiari pagher\u00e0 di meno e ricever\u00e0 maggiori sostegni: questo, in sostanza, il senso di questa riforma.<\/p>\n<p><strong>Un altro motivo di merito \u00e8 sicuramente la presenza di un finanziamento annuale, di un milione e mezzo<\/strong> <strong>di euro<\/strong>, garantito per un triennio. La cifra in s\u00e9 non \u00e8 gigantesca, rispetto ai 10 milioni di residenti in Lombardia, ma almeno conferma che risorse vere, concrete, sono stanziate per avviare la misura e che se ne prevede la continuit\u00e0. Del resto \u00e8 stato proprio questo uno dei punti su cui il disegno di legge originario \u00e8 stato migliorato, grazie al dialogo e all\u2019ascolto nel mondo politico e con la societ\u00e0 civile.<\/p>\n<p><strong>Nel dibattito politico ci sono stati ovviamente giudizi diversi<\/strong>, anche in funzione dei ruoli rivestiti nel gioco politico: ad esempio il<strong> Movimento Cinque Stelle ha votato contro, il PD si \u00e8 astenuto, mentre la maggioranza di centro-destra ovviamente rivendica l\u2019importanza e la bont\u00e0 del progetto. P<\/strong>er una volta per\u00f2 sarebbe bello uscire da un dibattito pregiudiziale, e verificare con una seria operazione di <strong>\u201cfact checking\u201d<\/strong> il merito dei provvedimenti, nella loro concreta attuazione. In altre parole, oggi si pu\u00f2 \u2013 e si deve \u2013 dare atto all\u2019amministrazione regionale lombarda di<strong> aver segnato un bel punto nella costruzione di politiche \u201cfamily friendly\u201d.<\/strong> Ma questo vuole dire, soprattutto, che la validit\u00e0 della misura dovr\u00e0 essere verificata alla prova dei fatti, cio\u00e8 con serie analisi \u2013 da parte di soggetti indipendenti su come verr\u00e0 concretamente attuato il Fattore Famiglia Lombardo. La legge prevede in effetti alcuni espliciti strumenti di monitoraggio e valutazione condivisa \u2013 e anche questo \u00e8 un dato positivo \u2013, ma occorrer\u00e0 verificare quanto conter\u00e0 la voce dei cittadini, delle famiglie, delle loro associazioni.<\/p>\n<p>&nbsp;Il Fattore Famiglia era stato lanciato dal Forum delle Associazioni Familiari proprio a Milano, in occasione della Conferenza Nazionale sulla Famiglia del 2010; ed in fondo \u00e8 un segnale importante che proprio dalla Regione che ha in Milano il proprio centro di riferimento riparta la sperimentazione di uno strumento che \u00e8 stato fin troppo dimenticato dalla politica nazionale.&nbsp;<\/p>\n<p><em>Francesco Belletti&nbsp; (Direttore CISF)<\/em><\/p>\n<p>&nbsp;<\/p>\n<p style=\"font-family: Verdana, Arial, Helvetica, sans-serif; color: #0000ff;\"><strong>Lombardia: nuovo ISEE, ma senza fattore famiglia<\/strong><\/p>\n<p style=\"font-family: Verdana, Arial, Helvetica, sans-serif; color: #0000ff;\"><span style=\"color: #000000;\">&#8220;Il nuovo Isee si far\u00e0. Senza il Fattore famiglia, ma si far\u00e0. La nuova versione dell\u2019Isee (l\u2019Indicatore della situazione economica equivalente), nota anche come \u201criccometro\u201d, normalmente impiegato per misurare la situazione economica delle famiglie di tutta Italia, infatti, non ha incassato ieri l\u2019intesa delle autonomie locali nella Conferenza unificata con il Governo&#8230;.&#8221;<\/span><\/p>\n<p style=\"font-family: Verdana, Arial, Helvetica, sans-serif; color: #0000ff;\"><span style=\"color: #000000;\">trovate qui la versione integrale dell&#8217;<a href=\"http:\/\/www.tempi.it\/il-fattore-famiglia-lombardo-non-ci-sara-nel-nuovo-isee-ci-avrebbe-lasciato-piu-soldi-in-tasca#.UQbPTvI-p_R\">intervista a Carolina Pellegrini<\/a><br \/>\n<\/span><\/p>\n<p>&nbsp;<\/p>\n<p style=\"font-family: Verdana, Arial, Helvetica, sans-serif; color: #0000ff;\"><strong>Lettera a Il Giornale<\/strong><\/p>\n<p>A nome del \u201cSindacato delle famiglie Onlus\u201d esprimo tutta la nostra gratitudine&nbsp; perch\u00e9, finalmente, un quotidiano offre uno spazio costruttivo e propositivo per affrontare la grave ingiustizia che penalizza le famiglie, soprattutto quelle con figli .<\/p>\n<p>La nostra associazione da sempre ha sostenuto la necessit\u00e0 di un fisco a misura di famiglia, per cui chi ha figli da mantenere non dovrebbe pagare le stesse tasse di chi non ne ha! &nbsp;Il reddito imponibile andrebbe infatti equamente calcolato non solo in base al reddito percepito ma in base al numero dei componenti della famiglia: il reale costo di mantenimento di ogni soggetto a carico deve essere dedotto dall\u2019imponibile.<\/p>\n<p>Le proposte oggi all\u2019attenzione del Ministro Tremonti sono diverse: si parla di tornare ad un sistema di deduzioni dal reddito,di&nbsp; aumentare le detrazioni ,di quoziente familiare fino all\u2019introduzione del Fattore Famiglia con la \u201cno tax area\u201d. Ognuna di esse ha spunti interessanti ma allo stesso tempo aspetti da approfondire. L\u2019importante, comunque, \u00e8 che lo strumento che verr\u00e0 valutato pi\u00f9 idoneo (e sostenibile nel breve come nel medio-lungo periodo) indichi chiaramente il punto determinante di una vera equit\u00e0 fiscale orizzontale, cio\u00e8 che il costo di mantenimento dei figli e di ogni persona a carico non pu\u00f2 essere soggetto a tassazione e va tolto dall\u2019imponibile prima di calcolare l\u2019aliquota.<\/p>\n<p>Far crescere, educare, istruire i figli non \u00e8 una spesa tassabile alla stessa stregua di un bene di lusso come un SUV\u2026! Un segnale concreto di svolta strutturale assicurerebbe risorse dirette alle famiglie che restano il primo motore per la ripresa dei consumi interni e quindi una delle leve fondamentali per far ripartire la crescita del nostro paese.<\/p>\n<p>Ci auguriamo che il vostro giornale possa essere una delle arene dove giocare la partita tra associazioni e Ministro, per proposte condivise e sostenibili.<\/p>\n<p>Caterina Tartaglione- Presidente Sindacato delle Famiglie<\/p>\n<p style=\"font-family: Verdana, Arial, Helvetica, sans-serif; color: #0000ff;\"><strong>GIOVANARDI RILANCIA IL PIANO NAZIONALE PER LA FAMIGLIA&#8230; TREMONTI PERMETTENDO<\/strong><\/p>\n<p style=\"font-family: Verdana, Arial, Helvetica, sans-serif; color: #0000ff;\"><span style=\"color: #000000;\">Il sottosegretario Giovanardi chiede al Governo di dare precedenza al Piano Nazionale per la Famiglia, che 25 potrebbe cambiare la vita a 25 milioni di famiglie italiane. A partire dall&#8217;introduzione del Fattore Famiglia fino alle politiche di conciliazione. Giovanardi spera di convincere Berlusconi e Bossi a rendere Tremonti meno intransigente, perch\u00e9 essere ferrei sul bilancio a scapito della crescita e della vita del Paese pu\u00f2 non essere la soluzione migliore. Leggete l&#8217;intervista che gli ha fatto <a href=\"http:\/\/www.forumfamiglie.org\/allegati\/rassegna_21851.pdf\">Tempi<\/a><br \/>\n<\/span><\/p>\n<p style=\"font-family: Verdana, Arial, Helvetica, sans-serif; color: #0000ff;\"><strong>PRONTI PARTENZA VIA: SI PARTE DAL MINI-QUOZIENTE FAMILIARE<\/strong><\/p>\n<p style=\"font-family: Verdana, Arial, Helvetica, sans-serif; color: #0000ff;\"><span style=\"color: #000000;\">Al via la bicamerale sul federalismo municipale. Il Ministro Calderoli proporr\u00e0 un mini quoziente familiare per favorire le famiglie con figli. Leggete l&#8217;articolo di Eugenio Bruno su <a href=\"http:\/\/www.forumfamiglie.org\/allegati\/rassegna_20619.pdf\">IlSole24ore<\/a><br \/>\n<\/span><\/p>\n<p style=\"font-family: Verdana, Arial, Helvetica, sans-serif; color: #0000ff;\"><strong>AL VIA I DICO EMILIANI:<\/strong><\/p>\n<p style=\"font-family: Verdana, Arial, Helvetica, sans-serif; color: #0000ff;\"><span style=\"color: #000000;\">Infischiandosene del governo, Errani equipara le coppie di fatto alle famiglie, in nome di una astratta equit\u00e0. Leggete l&#8217;articolo Luigi Santambrogio su <a href=\"http:\/\/www.forumfamiglie.org\/allegati\/rassegna_20611.pdf\">Libero<\/a><br \/>\n<\/span><\/p>\n<p style=\"font-family: Verdana, Arial, Helvetica, sans-serif; color: #0000ff;\"><strong>FISCO E FAMIGLIA A MILANO<\/strong><\/p>\n<p style=\"font-family: Verdana, Arial, Helvetica, sans-serif; color: #0000ff;\"><span style=\"color: #000000;\">Apre i battenti la Conferenza della famiglia a Milano, se da un lato si parla di come aiutarla, dall&#8217;altra Tremonti taglia fondi a tutti. leggete l&#8217;articolo di Fabrizia Bagozzi su <a href=\"http:\/\/www.forumfamiglie.org\/allegati\/rassegna_19842.pdf\">Europa<\/a><\/span><\/p>\n<p style=\"font-family: Verdana, Arial, Helvetica, sans-serif; color: #0000ff;\"><strong>ECCO I DATI IPSOS:&nbsp; UNA FAMIGLIA IN DIFFICOLTA&#8217;<\/strong><\/p>\n<p style=\"font-family: Verdana, Arial, Helvetica, sans-serif; color: #0000ff;\"><span style=\"color: #000000;\">La situazione delle famiglie non \u00e8 rosea, anche le ultime indagini mostrano che il livello di insoddisfazione cresce. Intanto il 15 novembre parte il Fondo di Solidariet\u00e0 per i mutui. Leggete l&#8217;articolo di Rossella Bocciarelli su <a href=\"http:\/\/www.forumfamiglie.org\/allegati\/rassegna_19789.pdf\">Il Sole 24ore<\/a><\/span><\/p>\n<p style=\"font-family: Verdana, Arial, Helvetica, sans-serif; color: #0000ff;\"><strong>FATTORE FAMIGLIA<\/strong><\/p>\n<p style=\"font-family: Verdana, Arial, Helvetica, sans-serif; color: #0000ff;\"><span style=\"color: #000000;\">Tempi rilancia il fattore famiglia ai politici: con la crisi che stringe la cinghia delle famiglie \u00e8 giunto il momento di decidersi a mettere in agenda la famiglia e darle un po&#8217; di respiro, discutendo seriamente ai tavoli politici del Fattore Famiglia per concretizzarlo. Leggete l&#8217;articolo di Amicone su <a href=\"http:\/\/www.tempi.it\/rubriche\/0010102-ora-la-politica-dimostri-quanto-conta-davvero-il-fattore-famiglia\">Tempi<\/a><\/span><\/p>\n<p style=\"font-family: Verdana, Arial, Helvetica, sans-serif; color: #0000ff;\"><strong>QUOZIENTE ROMA<\/strong><\/p>\n<p style=\"font-family: Verdana, Arial, Helvetica, sans-serif;\"><span style=\"color: #000000;\">Inizia a delinearsi il quoziente Roma, dopo la rilevazione dei 3 punti che le famiglie ritengono problematici (tassa rifiuti, mense scolastiche e rette asili) si pensa di affrontarne una all&#8217;anno a partire dalle rette degli asili nel 2011. il prossimo passo \u00e8 nella commissione bilancio per capire quante risorse saranno destinate alla manovra. per un approfondimento leggete l&#8217;articolo di Fabio Rossi su <a href=\"http:\/\/www.forumfamiglie.org\/allegati\/rassegna_19734.pdf\">Il Messaggero<\/a><\/span><\/p>\n<p style=\"font-family: Verdana, Arial, Helvetica, sans-serif; color: #0000ff;\"><strong>AL VAGLIO IL FATTORE FAMIGLIA<\/strong><\/p>\n<p style=\"font-family: Verdana, Arial, Helvetica, sans-serif; color: #0000ff;\"><span style=\"color: #000000;\">Domani al via il tavolo di confronto per la riforma sul fisco,&nbsp;al vaglio le proposte per le famiglie &#8211; una su tutte il fattore famiglia e una semplificazione del sistema di detrazioni &#8211; e il sostegno alle imprese. Argomenti su cui sembra possibile un dialogo tra minoranza e maggioranza. Per un approfondimento leggete l&#8217;articolo di Marco Mobili su <a href=\"http:\/\/www.forumfamiglie.org\/allegati\/rassegna_19731.pdf\">IlSole24ore<\/a><\/span><\/p>\n<p style=\"font-family: Verdana, Arial, Helvetica, sans-serif; color: #0000ff;\"><strong>UN INIZIO PERFETTIBILE<\/strong><\/p>\n<p>Nonostante i buoni propositi, sembra che ci muoviamo verso il modello francese, che non tiene conto della relae incidenza dei carichi familiari, dando a tutti i componenti della famiglia lo stesso peso.&nbsp;E&#8217; comunque un passo in avanti&nbsp;verso la famiglia, ma certo si pu\u00f2 contare su un nuovo&nbsp;inizio da cui continuare la&nbsp;nostra battaglia verso un fisco a misura di famiglia.<\/p>\n<p>leggi gli articoli:<\/p>\n<ul>\n<li><a href=\"http:\/\/www.forumfamiglie.org\/allegati\/rassegna_19706.pdf\">Aiuti alle famiglie<\/a> su QN<\/li>\n<li><a href=\"http:\/\/www.forumfamiglie.org\/allegati\/rassegna_19703.pdf\">Tremonti: ora la fase di sviluppo<\/a> su Ilsole24ore<\/li>\n<\/ul>\n<p style=\"font-family: Verdana, Arial, Helvetica, sans-serif; color: #0000ff;\"><strong>QUOZIENTE FAMILIARE<\/strong><\/p>\n<p>Finalmente il <strong>quoziente familiare<\/strong> viene preso in considerazione dalla manovra appena varata dal Governo, ma solo come parametro per valutare il reddito.&nbsp; Analogamente viene trattata in modo riduttivo e deviato la scelta delle famiglie di iscrivere i propri figli a <strong>scuole paritarie<\/strong>, la cui quota d&#8217;iscrizione viene&nbsp;considerata al pari dei premi&nbsp; assicurativi, dei contributi previdenziali versati per i lavoratori domestici o delle spese per i viaggi turistici o per l&#8217;iscrizione a centri ippici o circoli esclusivi.<\/p>\n<p><strong>J&#8217;ACCUSE: &nbsp;perch\u00e9 per Tremonti la scuola non statale \u00e8 come un SUV?<\/strong> di&nbsp; Oscar Giannino, 21 maggio 2010.<\/p>\n<p>leggi l&#8217;articolo su <a href=\"http:\/\/www.ilsussidiario.net\/Approfondimenti\/Economia-e-finanza\/2010\/5\/21\/J-ACCUSE-2-Giannino-perche-per-Tremonti-la-scuola-non-statale-e-come-un-Suv-\/87472\/\">ilsussidiario.net <\/a><\/p>\n","protected":false},"excerpt":{"rendered":"<p>Rivoluzione in Lombardia, arriva il Fattore Famiglia per un fisco pi\u00f9 equo Ecco come si concretizzer\u00e0 l&#8217;equit\u00e0 fiscale lombarda grazie all&#8217;approvazione di un sistema contributivo che dopo tanti anni rende finalmente giustizia alle famiglie. La Regione Lombardia segna cos\u00ec un bel punto nella costruzione di politiche \u201cfamily friendly\u201d. La recente approvazione del \u201cFattore Famiglia\u201d da [&hellip;]<\/p>\n","protected":false},"author":1,"featured_media":0,"parent":0,"menu_order":0,"comment_status":"closed","ping_status":"closed","template":"","meta":{"ngg_post_thumbnail":0},"aioseo_notices":[],"_links":{"self":[{"href":"http:\/\/www.sindacatodellefamiglie.org\/index.php\/wp-json\/wp\/v2\/pages\/5"}],"collection":[{"href":"http:\/\/www.sindacatodellefamiglie.org\/index.php\/wp-json\/wp\/v2\/pages"}],"about":[{"href":"http:\/\/www.sindacatodellefamiglie.org\/index.php\/wp-json\/wp\/v2\/types\/page"}],"author":[{"embeddable":true,"href":"http:\/\/www.sindacatodellefamiglie.org\/index.php\/wp-json\/wp\/v2\/users\/1"}],"replies":[{"embeddable":true,"href":"http:\/\/www.sindacatodellefamiglie.org\/index.php\/wp-json\/wp\/v2\/comments?post=5"}],"version-history":[{"count":21,"href":"http:\/\/www.sindacatodellefamiglie.org\/index.php\/wp-json\/wp\/v2\/pages\/5\/revisions"}],"predecessor-version":[{"id":2181,"href":"http:\/\/www.sindacatodellefamiglie.org\/index.php\/wp-json\/wp\/v2\/pages\/5\/revisions\/2181"}],"wp:attachment":[{"href":"http:\/\/www.sindacatodellefamiglie.org\/index.php\/wp-json\/wp\/v2\/media?parent=5"}],"curies":[{"name":"wp","href":"https:\/\/api.w.org\/{rel}","templated":true}]}}