{"id":52,"date":"2009-12-15T16:59:15","date_gmt":"2009-12-15T15:59:15","guid":{"rendered":"http:\/\/www.sindacatodellefamiglie.org\/?page_id=52"},"modified":"2011-07-28T23:20:48","modified_gmt":"2011-07-28T22:20:48","slug":"convegni","status":"publish","type":"page","link":"http:\/\/www.sindacatodellefamiglie.org\/index.php\/calendario\/convegni\/","title":{"rendered":"Convegni"},"content":{"rendered":"<p style=\"TEXT-ALIGN: left\">il 4 novembre 2010 ore 18.00<\/p>\n<p style=\"TEXT-ALIGN: left\">la nostra presidente\u00a0dott.ssa Caterina Tartaglione, parteciper\u00e0 all&#8217;incontro:<\/p>\n<p style=\"TEXT-ALIGN: left\"><span style=\"color: #ff0000;\">Gli enti locali e le politiche per la famiglia. Il Quoziente famigliare. Esperienze a confronto<\/span><\/p>\n<p style=\"TEXT-ALIGN: left\">\u00a0a Cartoceto, Sala Consiglio Comunale<\/p>\n<p style=\"TEXT-ALIGN: left\">per maggiori dettagli: <a href=\"http:\/\/www.sindacatodellefamiglie.org\/wp-content\/uploads\/2010\/10\/convegno-famiglia-Cartoceto.pdf\">convegno Cartoceto<\/a><\/p>\n<p align=\"center\">Medicina&amp;Persona in collaborazione con AISLA onlus<\/p>\n<p align=\"center\">Workshop<\/p>\n<p align=\"center\"><a title=\"blocked::http:\/\/www.medicinaepersona.org\/cm\/evento.jhtml?param1_1=N1298974637d29186ee7\" href=\"http:\/\/www.medicinaepersona.org\/cm\/evento.jhtml?param1_1=N1298974637d29186ee7\"><strong>LA PERSONA FRAGILE E IL SUO CAREGIVER: CURA, ASSISTENZA O PRESA IN CARICO GLOBALE<\/strong><strong>?<\/strong><\/a><\/p>\n<p align=\"center\">Milano, Auditorium Gaber, 9 ottobre 2010<\/p>\n<p>Premessa<br \/>\nIl riconoscimento della dignit\u00e0 dell&#8217;esistenza di ogni essere umano \u00e8 il punto di partenza e di riferimento di una societ\u00e0 civile che si impegna affinch\u00e9 la malattia e la disabilit\u00e0 non siano criteri di discriminazione sociale e di emarginazione.<br \/>\nUna formazione adeguata del personale sanitario dedicato all&#8217;assistenza e alla cura \u00e8 il primo passo per una medicina e una organizzazione della sanit\u00e0 a misura d\u0092uomo.<br \/>\nLa persona \u00e8 al centro dell&#8217;interesse formativo e assistenziale. Ogni persona \u00e8 da assistere nella sua complessit\u00e0 e di fronte a questo \u00e8 evidente la costante inadeguatezza degli operatori e dei\u00a0 familiari.<br \/>\nLa famiglia deve poter essere co-protagonista del percorso di cura contribuendo anch&#8217;essa alla costruzione della vera alleanza terapeutica.<\/p>\n<p>Sede del convegno:<br \/>\nAuditorium GABER<br \/>\nGrattacielo Pirelli &#8211; Palazzo della Regione<br \/>\nVia Fabio Filzi 22 &#8211; Milano<\/p>\n<p>Il Sidef \u00e8 stato invitato a parlare alla Tavola Rotonda, dove parteciper\u00e0 la nostra presidente Caterina Tartaglione<\/p>\n<p><strong><span style=\"FONT-FAMILY: 'Tw Cen MT','sans-serif'\">&gt; <a title=\"blocked::http:\/\/www.medicinaepersona.org\/resources\/evento\/N1298974637d29186ee7\/N1298974637d29186ee7\/CAREGIVER-ANNUNCIO_DEF-07072010-no_sch.pdf\" href=\"http:\/\/www.medicinaepersona.org\/resources\/evento\/N1298974637d29186ee7\/N1298974637d29186ee7\/CAREGIVER-ANNUNCIO_DEF-07072010-no_sch.pdf\" target=\"_blank\"><span style=\"COLOR: #5e5e5e\" title=\"blocked::http:\/\/www.medicinaepersona.org\/resources\/evento\/N1298974637d29186ee7\/N1298974637d29186ee7\/CAREGIVER-ANNUNCIO_DEF-07072010-no_sch.pdf\">Programma<\/span><\/a><\/span><\/strong><\/p>\n<p><strong><span style=\"FONT-FAMILY: 'Tw Cen MT','sans-serif'\">\u00a0<\/span><\/strong><\/p>\n<p><strong>&#8220;Primavera di cultura 2010&#8221; &#8211; &#8220;La sfida educativa&#8221;<\/strong><\/p>\n<p>Programma di eventi culturali organizzato da<\/p>\n<p><strong>Arcidiocesi di Milano, <\/strong><strong>Curia Arcivescovile<\/strong><\/p>\n<p><strong>Coordinamento Centri Culturali Cattolici<\/strong><\/p>\n<p>Nell&#8217;ambito del programma della settimana culturale segnaliamo due eventi:<\/p>\n<p><strong>1) Sindacato delle Famiglie di Milano &#8211; &#8220;La scelta&#8221;<\/strong><\/p>\n<p>Idea di Luca Pagliari e del CSV<\/p>\n<p>Solidariet\u00e0 e Sussidiariet\u00e0 del VCO di Domodossola<\/p>\n<p>in collaborazione con Centro Studi Dignitatis Personae<\/p>\n<p>Regia di Luca Pagliari<\/p>\n<p>Milano, Teatro S. Fedele, Via Hoepli 3\/B , Luned\u00ec 10 Maggio 2010, ore 21.00<\/p>\n<p><strong>2) &#8220;La sfida educativa&#8221;\u00a0 &#8211;<\/strong> Convegno Annuale dei Centri Culturali Cattolici della Diocesi di Milano<\/p>\n<p>Milano, Auditorium di Assolombarda, Via Pantano 9, sabato 15 maggio 2010, ore 9,00 &#8211; 12,30<\/p>\n<p>Saluto di apertura: <strong>Dr. Antonio Colombo<\/strong>, Direttore Generale di Assolombarda<\/p>\n<p>Introduzione: <strong>Mons. Dr. Giovanni Balco<\/strong>ni, Responsabile del Coordinamento dei Centri Culturali Cattolici<\/p>\n<p>Lectio Magistralis: <strong>S. Em. Cardinale Camillo Ruini<\/strong>, Presidente del Comitato per il Progetto Culturale della Chiesa Italiana<\/p>\n<p>Intervento: <strong>S. Ecc. Mons. Franco Giulio Brambilla<\/strong><\/p>\n<p>Intermezzo musicale <strong>&#8220;Voci dell&#8217;anima&#8221; <\/strong><\/p>\n<p>Parole di <strong>Suor Maria Edith &#8211; <\/strong>Letture a cura della <strong>Prof.ssa Luisa Da Domo<\/strong> &#8211; Musica ed esecuzione all&#8217;arpa <strong>Prof.ssa Laura Sofia Caramellino <\/strong><\/p>\n<p>Relazione: <strong>Prof. Francesco Botturi<\/strong>, Ordinario di Filosofia Morale, Universit\u00e0 Cattolica del Sacro Cuore di Milano<\/p>\n<p><strong>&#8220;Ragioni e urgenza della proposta educativa&#8221;<\/strong><\/p>\n<p>Moderatore:<strong> Prof. Cesare Ignazio Grampa<\/strong><\/p>\n<p><strong>&#8220;Il perdono di Erba&#8221;<\/strong> di Lucia Bellaspiga e Carlo Castagna<\/p>\n<p>Presentazione del libro con la partecipazione di <strong>Carlo Castagna e Lucia Bellaspiga<\/strong><\/p>\n<p>Pesaro, Sala Pierangeli &#8211; Provincia di Pesaro, Viale Gramsci, 4, Gioved\u00ec 13 maggio, ore 17,45<\/p>\n<p><strong>&#8220;Una scuola che parla al futuro&#8221;<\/strong><\/p>\n<p>Reggio Emilia, Universit\u00e0 degli Studi, Aula Magna &#8220;Pietro Manodori&#8221;, gioved\u00ec 29 aprile 2010, ore 17,30<\/p>\n<p>Interventi:<\/p>\n<p style=\"padding-left: 30px;\"><strong>Roberta Cardarello,<\/strong> Preside della Facolt\u00e0 di Scienze della formazione Universit\u00e0 di Modena e Reggio Emilia<\/p>\n<p style=\"padding-left: 30px;\"><strong>Stefano Versari,<\/strong> Dirigente Ufficio Scolastico Regionale per l&#8217;Emilia Romagna<\/p>\n<p style=\"padding-left: 30px;\"><strong>Fabrizio Foschi, <\/strong>Presidente Nazionale Associazione Diesse<\/p>\n<p style=\"padding-left: 30px;\"><strong>Fiorella Magnani, <\/strong>Dirigente Scolastico Istituto Comprensivo di Casalgrande<\/p>\n<p style=\"padding-left: 30px;\">.<\/p>\n<table border=\"0\">\n<tbody>\n<tr>\n<td>\u00a0<\/td>\n<td>\u00a0<\/td>\n<\/tr>\n<tr>\n<td><span style=\"font-size: medium;\"><strong>CONVEGNI<\/strong><\/span><\/td>\n<td><a href=\"http:\/\/www.sindacatodellefamiglie.org\/index.php\/calendario\/convegni\/2009\/\">2009<\/a><\/td>\n<\/tr>\n<tr>\n<td>\u00a0<\/td>\n<td><a href=\"http:\/\/www.sindacatodellefamiglie.org\/index.php\/calendario\/convegni\/2007\/\">2007<\/a><\/td>\n<\/tr>\n<tr>\n<td>\u00a0<\/td>\n<td><a href=\"http:\/\/www.sindacatodellefamiglie.org\/index.php\/calendario\/convegni\/2006\/\">2006<\/a><\/td>\n<\/tr>\n<\/tbody>\n<\/table>\n<p><strong>\u00a0<\/strong><\/p>\n","protected":false},"excerpt":{"rendered":"<p>il 4 novembre 2010 ore 18.00 la nostra presidente\u00a0dott.ssa Caterina Tartaglione, parteciper\u00e0 all&#8217;incontro: Gli enti locali e le politiche per la famiglia. Il Quoziente famigliare. Esperienze a confronto \u00a0a Cartoceto, Sala Consiglio Comunale per maggiori dettagli: convegno Cartoceto Medicina&amp;Persona in collaborazione con AISLA onlus Workshop LA PERSONA FRAGILE E IL SUO CAREGIVER: CURA, ASSISTENZA O [&hellip;]<\/p>\n","protected":false},"author":2,"featured_media":0,"parent":48,"menu_order":0,"comment_status":"closed","ping_status":"closed","template":"","meta":{"ngg_post_thumbnail":0},"aioseo_notices":[],"_links":{"self":[{"href":"http:\/\/www.sindacatodellefamiglie.org\/index.php\/wp-json\/wp\/v2\/pages\/52"}],"collection":[{"href":"http:\/\/www.sindacatodellefamiglie.org\/index.php\/wp-json\/wp\/v2\/pages"}],"about":[{"href":"http:\/\/www.sindacatodellefamiglie.org\/index.php\/wp-json\/wp\/v2\/types\/page"}],"author":[{"embeddable":true,"href":"http:\/\/www.sindacatodellefamiglie.org\/index.php\/wp-json\/wp\/v2\/users\/2"}],"replies":[{"embeddable":true,"href":"http:\/\/www.sindacatodellefamiglie.org\/index.php\/wp-json\/wp\/v2\/comments?post=52"}],"version-history":[{"count":38,"href":"http:\/\/www.sindacatodellefamiglie.org\/index.php\/wp-json\/wp\/v2\/pages\/52\/revisions"}],"predecessor-version":[{"id":1073,"href":"http:\/\/www.sindacatodellefamiglie.org\/index.php\/wp-json\/wp\/v2\/pages\/52\/revisions\/1073"}],"up":[{"embeddable":true,"href":"http:\/\/www.sindacatodellefamiglie.org\/index.php\/wp-json\/wp\/v2\/pages\/48"}],"wp:attachment":[{"href":"http:\/\/www.sindacatodellefamiglie.org\/index.php\/wp-json\/wp\/v2\/media?parent=52"}],"curies":[{"name":"wp","href":"https:\/\/api.w.org\/{rel}","templated":true}]}}