{"id":56,"date":"2009-12-15T16:59:54","date_gmt":"2009-12-15T15:59:54","guid":{"rendered":"http:\/\/www.sindacatodellefamiglie.org\/?page_id=56"},"modified":"2011-07-28T23:20:49","modified_gmt":"2011-07-28T22:20:49","slug":"feste-cittadine","status":"publish","type":"page","link":"http:\/\/www.sindacatodellefamiglie.org\/index.php\/calendario\/feste-cittadine\/","title":{"rendered":"Feste cittadine"},"content":{"rendered":"<p>Dal 3 al 5 giugno a Reggio Emilia si terr\u00e0 l&#8217;evento:<\/p>\n<p>Bambini in festa, la vita \u00e8 la pi\u00f9 grande delle avventure.<\/p>\n<p>Il SideF ha organizzato l&#8217;incontro di sabato 4, alle 17.30, dal titolo &#8220;La Famiglia: che grande avventura!&#8221;<\/p>\n<p>qui potete scaricare il programma delle tre giornate:<\/p>\n<p><a class=\"shutterset_\" href=\"http:\/\/www.sindacatodellefamiglie.org\/wp-content\/gallery\/broschure-reggio-emilia\/broschureretro_ok.jpg\"><img class=\"ngg-singlepic ngg-none\" src=\"http:\/\/www.sindacatodellefamiglie.org\/wp-content\/gallery\/broschure-reggio-emilia\/thumbs\/thumbs_broschureretro_ok.jpg\" alt=\"broschureretro_ok\" \/><\/a><\/p>\n","protected":false},"excerpt":{"rendered":"<p>Dal 3 al 5 giugno a Reggio Emilia si terr\u00e0 l&#8217;evento: Bambini in festa, la vita \u00e8 la pi\u00f9 grande delle avventure. Il SideF ha organizzato l&#8217;incontro di sabato 4, alle 17.30, dal titolo &#8220;La Famiglia: che grande avventura!&#8221; qui potete scaricare il programma delle tre giornate:<\/p>\n","protected":false},"author":1,"featured_media":0,"parent":48,"menu_order":0,"comment_status":"closed","ping_status":"closed","template":"","meta":{"ngg_post_thumbnail":0},"aioseo_notices":[],"_links":{"self":[{"href":"http:\/\/www.sindacatodellefamiglie.org\/index.php\/wp-json\/wp\/v2\/pages\/56"}],"collection":[{"href":"http:\/\/www.sindacatodellefamiglie.org\/index.php\/wp-json\/wp\/v2\/pages"}],"about":[{"href":"http:\/\/www.sindacatodellefamiglie.org\/index.php\/wp-json\/wp\/v2\/types\/page"}],"author":[{"embeddable":true,"href":"http:\/\/www.sindacatodellefamiglie.org\/index.php\/wp-json\/wp\/v2\/users\/1"}],"replies":[{"embeddable":true,"href":"http:\/\/www.sindacatodellefamiglie.org\/index.php\/wp-json\/wp\/v2\/comments?post=56"}],"version-history":[{"count":4,"href":"http:\/\/www.sindacatodellefamiglie.org\/index.php\/wp-json\/wp\/v2\/pages\/56\/revisions"}],"predecessor-version":[{"id":1080,"href":"http:\/\/www.sindacatodellefamiglie.org\/index.php\/wp-json\/wp\/v2\/pages\/56\/revisions\/1080"}],"up":[{"embeddable":true,"href":"http:\/\/www.sindacatodellefamiglie.org\/index.php\/wp-json\/wp\/v2\/pages\/48"}],"wp:attachment":[{"href":"http:\/\/www.sindacatodellefamiglie.org\/index.php\/wp-json\/wp\/v2\/media?parent=56"}],"curies":[{"name":"wp","href":"https:\/\/api.w.org\/{rel}","templated":true}]}}