{"id":60,"date":"2009-12-15T17:00:26","date_gmt":"2009-12-15T16:00:26","guid":{"rendered":"http:\/\/www.sindacatodellefamiglie.org\/?page_id=60"},"modified":"2011-07-28T23:19:46","modified_gmt":"2011-07-28T22:19:46","slug":"interventi","status":"publish","type":"page","link":"http:\/\/www.sindacatodellefamiglie.org\/index.php\/interventi\/","title":{"rendered":"Interventi"},"content":{"rendered":"<p><span style=\"color: #0000ff;\"><em><strong>Testo integrale dell&#8217;articolo di Alberoni su Il Corriere della Sera del 17 gennaio 2011<\/strong><\/em><\/span><\/p>\n<h1>Perche&#8217; tante separazioni? Non riconosciamo l&#8217; amore<\/h1>\n<h2>Bisogna capire bene il processo che unisce una coppia<\/h2>\n<div id=\"content-to-read\">\n<p><strong>I fattori che tenevano unita la coppia <\/strong>e la famiglia si sono  indeboliti. Molte coppie si separano gi\u00e0 dopo pochi mesi e altre perfino dopo  trent&#8217;anni di matrimonio. Diventa, perci\u00f2, importante la terapia di coppia. Ma  ho l&#8217;impressione che molti psicologi seguano una strada sbagliata. Scavano nel  passato infantile dei loro pazienti per scoprire la cause dei loro conflitti  attuali. Si interrogano sui rapporti che hanno avuto col padre o la madre. Io,  invece, ho l&#8217;impressione che il successo o l&#8217;insuccesso del rapporto vada  cercato nel processo amoroso stesso. Per cui bisogna conoscere bene il processo  che porta alla formazione di una coppia stabilmente innamorata, la fisiologia  del processo amoroso. In medicina, prima si studia la fisiologia e poi la  patologia perch\u00e9 questa \u00e8 una alterazione dello stato fisiologico.<\/p>\n<p><strong>La coppia normale nasce da un innamoramento <\/strong>bilaterale che poi evolve  e diventa amore. Nel vero innamoramento noi ci innamoriamo di una persona che,  col suo comportamento, i suoi sentimenti, il suo aspetto, i suoi valori, con la  vita che ha vissuto, col piacere che ci fa provare, ci fa ritenere che, insieme,  possiamo realizzare i nostri desideri pi\u00f9 profondi, sviluppare le nostre  potenzialit\u00e0 nascoste e costruire insieme una unit\u00e0 sociale felice. Ma queste  potenzialit\u00e0 vanno realizzate nella relazione reale giorno per giorno, dove sono  continuamente possibili errori e incomprensioni.<\/p>\n<p><strong>Qualche esempio tipico? I <\/strong>due non erano veramente innamorati, la loro  era solo una infatuazione momentanea. A volte, invece, \u00e8 innamorato uno solo e  l&#8217;altro si \u00e8 lasciato trascinare. Ci sono casi in cui uno dei due conserva la  ferita non guarita di un amore precedente. Molti non si raccontano con sincerit\u00e0  e saggezza i loro precedenti amori e poi hanno l&#8217;impressione di essere con uno  sconosciuto. Altri si feriscono o si offendono. Molti non sanno che l&#8217;amore  richiede di dirsi la verit\u00e0, che si alimenta con un continuo corteggiamento e  che l&#8217;infedelt\u00e0 anche nascosta lo distrugge sempre.<\/p>\n<p><strong>Ci sono persone convinte che il loro <\/strong>amato possa indovinare anche i  loro pi\u00f9 intimi desideri senza bisogno di dirgli cosa ti piace e cosa invece non  ti piace. Altri pensano di poter cambiare il modo di pensare dell&#8217;altro mentre  l&#8217;essenza dell&#8217;amore \u00e8 il rispetto della sua libert\u00e0. Infine molti ritengono che  l&#8217;amore diventi tanto pi\u00f9 forte quanto pi\u00f9 diventiamo identici, mentre l&#8217;amore  si rinnova attraverso il fascino della diversit\u00e0 e il continuo scoprirsi diversi  e nuovi.<em><br \/>\n<\/em><\/p>\n<p>Francesco Alberoni<br \/>\n<strong>17 gennaio\u00a02011<\/strong><\/div>\n","protected":false},"excerpt":{"rendered":"<p>Testo integrale dell&#8217;articolo di Alberoni su Il Corriere della Sera del 17 gennaio 2011 Perche&#8217; tante separazioni? Non riconosciamo l&#8217; amore Bisogna capire bene il processo che unisce una coppia I fattori che tenevano unita la coppia e la famiglia si sono indeboliti. Molte coppie si separano gi\u00e0 dopo pochi mesi e altre perfino dopo [&hellip;]<\/p>\n","protected":false},"author":1,"featured_media":0,"parent":0,"menu_order":0,"comment_status":"closed","ping_status":"closed","template":"","meta":{"ngg_post_thumbnail":0},"aioseo_notices":[],"_links":{"self":[{"href":"http:\/\/www.sindacatodellefamiglie.org\/index.php\/wp-json\/wp\/v2\/pages\/60"}],"collection":[{"href":"http:\/\/www.sindacatodellefamiglie.org\/index.php\/wp-json\/wp\/v2\/pages"}],"about":[{"href":"http:\/\/www.sindacatodellefamiglie.org\/index.php\/wp-json\/wp\/v2\/types\/page"}],"author":[{"embeddable":true,"href":"http:\/\/www.sindacatodellefamiglie.org\/index.php\/wp-json\/wp\/v2\/users\/1"}],"replies":[{"embeddable":true,"href":"http:\/\/www.sindacatodellefamiglie.org\/index.php\/wp-json\/wp\/v2\/comments?post=60"}],"version-history":[{"count":10,"href":"http:\/\/www.sindacatodellefamiglie.org\/index.php\/wp-json\/wp\/v2\/pages\/60\/revisions"}],"predecessor-version":[{"id":1043,"href":"http:\/\/www.sindacatodellefamiglie.org\/index.php\/wp-json\/wp\/v2\/pages\/60\/revisions\/1043"}],"wp:attachment":[{"href":"http:\/\/www.sindacatodellefamiglie.org\/index.php\/wp-json\/wp\/v2\/media?parent=60"}],"curies":[{"name":"wp","href":"https:\/\/api.w.org\/{rel}","templated":true}]}}