{"id":918,"date":"2011-06-20T17:00:10","date_gmt":"2011-06-20T16:00:10","guid":{"rendered":"http:\/\/www.sindacatodellefamiglie.org\/?page_id=918"},"modified":"2011-07-28T23:19:47","modified_gmt":"2011-07-28T22:19:47","slug":"meeting-2011","status":"publish","type":"page","link":"http:\/\/www.sindacatodellefamiglie.org\/index.php\/meeting-2011\/","title":{"rendered":"Meeting 2011"},"content":{"rendered":"<p><strong>MEETING RIMINI 2011<\/strong><strong> <\/strong><\/p>\n<p>E l\u2019esistenza diventa una immensa certezza<\/p>\n<p>Domenica 21 agosto 2011 &#8211; Sabato 27 agosto 2011<\/p>\n<p>Sar\u00e0 la XXXII edizione quella che si aprir\u00e0 il 21 di agosto con la presenza del Presidente della Repubblica Giorgio Napolitano e lo spettacolo inaugurale nel cuore di Rimini, in piazza Cavour, dal titolo \u201cE\u2019 festa\u201d: una serata di canti popolari per raccontare l\u2019Unit\u00e0 d\u2019Italia.<\/p>\n<p>Anche quest\u2019anno per il Meeting per l\u2019amicizia fra i popoli sette giorni di convegni, mostre, spettacoli e sport, per scoprire come l\u2019esistenza di ogni uomo possa trovare una certezza.<\/p>\n<p>Tutto attorno a noi sembra confermare che nella mentalit\u00e0 pi\u00f9 diffusa ai nostri giorni, nella coscienza con cui ciascuno di noi affronta le sfide e le fatiche del vivere, non sia pi\u00f9 possibile alcuna vera certezza e che le uniche certezze siano quelle prodotte dal controllo tecnologico del mondo, fino a quando almeno la realt\u00e0 non si presenti nella sua incontrollabilit\u00e0. \u00abA farci sentire un\u2019incertezza pi\u00f9 orrenda e devastante che in passato\u00bb, ha scritto il sociologo Zygmunt Bauman, \u00e8 la percezione che \u00abla nostra impotenza sia incurabile\u00bb.<\/p>\n<p>Il Meeting vuole riaprire la partita riguardo alla possibilit\u00e0 di una certezza, alla possibilit\u00e0 di una conoscenza certa di s\u00e9 e del mondo.<\/p>\n<p><strong>IL PROGRAMMA<\/strong><strong> <\/strong><\/p>\n<p>In calendario oltre 100 convegni; tra questi la fascia dei Focus, appuntamenti dedicati all\u2019approfondimento di temi specifici per un pubblico specializzato, la serie di incontri denominata \u201cUn Caff\u00e8 Italiano\u2026 domande sull\u2019Unit\u00e0\u201d, occasione per i giovani di incontrare e porre domande a esperti sul tema dell\u2019unit\u00e0 del nostro paese. La fascia Testi e contesti presenter\u00e0 libri, musica e video. Tra queste segnaliamo la rassegna di reportage internazionali dal titolo \u201cStorie dal mondo\u201d.<\/p>\n<p><strong>LE MOSTRE<\/strong><strong> <\/strong><\/p>\n<p>\u201cLa sapienza risplende. Madonne d\u2019Abruzzo tra Medioevo e Rinascimento\u201d \u00e8 il titolo della mostra che aprir\u00e0 il 20 di agosto per chiudere il 1 novembre, presso i Musei Comunali di Rimini, realizzata con la Direzione Regionale dell\u2019Abruzzo e la Soprintendenza dell\u2019Aquila. Dal Castello dell\u2019Aquila al Museo di Rimini. \u00c8 il viaggio delle splendide Madonne d\u2019Abruzzo salvate dal terremoto, che si propongono al grande pubblico. Si tratta di una ventina di importanti sculture policrome e tavole dipinte, elaborate da abilissimi maestri in prevalenza abruzzesi tra la fine del XII e la met\u00e0 del XIV secolo, le quali, dopo il salvataggio effettuato dai Vigili del Fuoco e il primo intervento garantito dal personale della Soprintendenza e dalle squadre dei volontari, a partire dal 23 dicembre 2009 sono state con amorevole cura ricomposte ed esposte nelle suggestive sale del Castello Piccolomini di Celano, importante baluardo della Marsica.<strong> <\/strong><\/p>\n<p>Presentare alla XXXII edizione del Meeting di Rimini queste Madonne medievali, colpite come la terra d\u2019Abruzzo dalla violenza della natura, rappresenta un importante segno di speranza per un patrimonio culturale che attende di essere pienamente restituito alla fruizione pubblica nelle sue sedi storiche.<\/p>\n<p>Nove, invece, saranno le mostre allestite all\u2019interno dei padiglioni fieristici: da quella sui 150 di sussidiariet\u00e0, che ha ricevuto il logo ufficiale delle celebrazioni dell\u2019Unit\u00e0 d\u2019Italia, a quella su Cafarnao e gli apostoli. Grandi figure saranno al centro delle esposizioni dedicate al profeta Ezechiele, a San Carlo Borromeo, al beato John Henry Newman e allo scrittore russo Boris Pasternak. Due mostre, infine, saranno dedicate all\u2019arte del 200 e agli affreschi dell\u2019ospedale di Santa Maria della Scala a Siena.<\/p>\n<p>Leggi le schede delle mostre:\u00a0<a href=\"http:\/\/www.meetingrimini.org\/?id=673&amp;edizione=5167&amp;item=2\"> <\/a><span style=\"text-decoration: underline;\"><a href=\"http:\/\/www.meetingrimini.org\/?id=673&amp;edizione=5167&amp;item=2\">http:\/\/www.meetingrimini.org\/?id=673&amp;edizione=5167&amp;item=2<\/a><br \/>\n<\/span><\/p>\n<p><strong> <\/strong><\/p>\n<p><strong>GLI SPETTACOLI<\/strong><\/p>\n<p>Oltre 20 gli spettacoli con musica e teatro: Ambrogio Sparagna, i Chieftains, Niccol\u00f2 Fabi, Paolo Cevoli, Massimo Popolizio, alcuni dei nomi. (Per approfondimenti vedere il comunicato dedicato agli spettacoli).<\/p>\n<p><strong> <\/strong><\/p>\n<p>Leggi il comunicato stampa degli spettacoli:<\/p>\n<p><a title=\"blocked::http:\/\/www.meetingrimini.org\/?id=673&amp;edizione=5167&amp;item=5&amp;value=0&amp;id_n=10877\" href=\"http:\/\/www.meetingrimini.org\/?id=673&amp;edizione=5167&amp;item=5&amp;value=0&amp;id_n=10877\">http:\/\/www.meetingrimini.org\/?id=673&amp;edizione=5167&amp;item=5&amp;value=0&amp;id_n=10877<\/a><\/p>\n<p>Segui il Meeting anche da casa attraverso il nostro sito: ogni giorno il Quotidiano Meeting, ilSussidiario.net &#8211; TgMeeting. Inoltre durante la settimana in diretta e differita i convegni principali<\/p>\n<p>Seguici anche su:<\/p>\n<ul>\n<li>Facebook<\/li>\n<\/ul>\n<p><span style=\"text-decoration: underline;\"><a href=\"http:\/\/www.facebook.com\/meetingrimini\">http:\/\/www.facebook.com\/meetingrimini<\/a><\/span><\/p>\n<ul>\n<li>YouTube<\/li>\n<\/ul>\n<p><span style=\"text-decoration: underline;\"><a href=\"http:\/\/www.youtube.com\/meetingrimini\">http:\/\/www.youtube.com\/meetingrimini<\/a><\/span><\/p>\n<ul>\n<li>Twitter<\/li>\n<\/ul>\n<p><span style=\"text-decoration: underline;\"><a href=\"http:\/\/www.twitter.com\/meetingrimini\">http:\/\/www.twitter.com\/meetingrimini<\/a><\/span><\/p>\n<p><strong> <\/strong><\/p>\n<p><strong>Guarda il video istituzionale del Meeting:<\/strong><\/p>\n<p><a href=\"http:\/\/www.meetingrimini.org\/?id=176\">http:\/\/www.meetingrimini.org\/?id=176<\/a><\/p>\n<p><strong> <\/strong><\/p>\n<p><strong>INFO UTILI<\/strong><\/p>\n<p>Tutto quello che c\u2019\u00e8 da sapere per venire al Meeting<\/p>\n<p><span style=\"text-decoration: underline;\"><a href=\"http:\/\/www.meetingrimini.org\/?id=355\">http:\/\/www.meetingrimini.org\/?id=355<\/a><\/span><\/p>\n<p>Per informazioni<\/p>\n<p>Fondazione Meeting per l&#8217;amicizia fra i popoli<\/p>\n<p>via Flaminia 18 &#8211; 47923 Rimini<\/p>\n<p>tel. 0541\/783100 fax 0541\/786422<\/p>\n<p>e-mail: meeting@meetingrimini.org<\/p>\n","protected":false},"excerpt":{"rendered":"<p>MEETING RIMINI 2011 E l\u2019esistenza diventa una immensa certezza Domenica 21 agosto 2011 &#8211; Sabato 27 agosto 2011 Sar\u00e0 la XXXII edizione quella che si aprir\u00e0 il 21 di agosto con la presenza del Presidente della Repubblica Giorgio Napolitano e lo spettacolo inaugurale nel cuore di Rimini, in piazza Cavour, dal titolo \u201cE\u2019 festa\u201d: una [&hellip;]<\/p>\n","protected":false},"author":3,"featured_media":0,"parent":0,"menu_order":0,"comment_status":"closed","ping_status":"closed","template":"","meta":{"ngg_post_thumbnail":0},"aioseo_notices":[],"_links":{"self":[{"href":"http:\/\/www.sindacatodellefamiglie.org\/index.php\/wp-json\/wp\/v2\/pages\/918"}],"collection":[{"href":"http:\/\/www.sindacatodellefamiglie.org\/index.php\/wp-json\/wp\/v2\/pages"}],"about":[{"href":"http:\/\/www.sindacatodellefamiglie.org\/index.php\/wp-json\/wp\/v2\/types\/page"}],"author":[{"embeddable":true,"href":"http:\/\/www.sindacatodellefamiglie.org\/index.php\/wp-json\/wp\/v2\/users\/3"}],"replies":[{"embeddable":true,"href":"http:\/\/www.sindacatodellefamiglie.org\/index.php\/wp-json\/wp\/v2\/comments?post=918"}],"version-history":[{"count":4,"href":"http:\/\/www.sindacatodellefamiglie.org\/index.php\/wp-json\/wp\/v2\/pages\/918\/revisions"}],"predecessor-version":[{"id":920,"href":"http:\/\/www.sindacatodellefamiglie.org\/index.php\/wp-json\/wp\/v2\/pages\/918\/revisions\/920"}],"wp:attachment":[{"href":"http:\/\/www.sindacatodellefamiglie.org\/index.php\/wp-json\/wp\/v2\/media?parent=918"}],"curies":[{"name":"wp","href":"https:\/\/api.w.org\/{rel}","templated":true}]}}